{"id":2,"date":"2018-03-01T17:05:40","date_gmt":"2018-03-01T17:05:40","guid":{"rendered":"http:\/\/kudueconomics.apps-1and1.net\/?page_id=2"},"modified":"2018-12-10T16:11:04","modified_gmt":"2018-12-10T15:11:04","slug":"auteur","status":"publish","type":"page","link":"https:\/\/kudueconomics.eu\/fr\/auteur","title":{"rendered":"L'auteur","raw":"L'auteur"},"content":{"rendered":"<div>\n<div><\/div>\n<\/div>\n<div style=\"text-align: justify;\"><span style=\"font-size: 12pt;\">\u00a0<\/span><span style=\"font-size: 8pt;\"><em><img loading=\"lazy\" decoding=\"async\" class=\"wp-image-84 alignnone\" src=\"https:\/\/kudueconomics.eu\/wp-content\/uploads\/2018\/03\/logo_flag_72dpi_en.png\" alt=\"\" width=\"20\" height=\"13\" srcset=\"https:\/\/kudueconomics.eu\/wp-content\/uploads\/2018\/03\/logo_flag_72dpi_en.png 678w, https:\/\/kudueconomics.eu\/wp-content\/uploads\/2018\/03\/logo_flag_72dpi_en-300x193.png 300w\" sizes=\"auto, (max-width: 20px) 100vw, 20px\" \/>\u00a0 <\/em><\/span><a href=\"https:\/\/kudueconomics.eu\/whoami\"><em><span style=\"font-size: 8pt;\">Read this page in english<\/span><\/em><\/a><\/div>\n<div>\n<p>&nbsp;<\/p>\n<p><span style=\"font-size: 12pt;\"><img loading=\"lazy\" decoding=\"async\" class=\" wp-image-267 alignright\" src=\"https:\/\/kudueconomics.eu\/wp-content\/uploads\/2018\/03\/PictureBW.jpg\" alt=\"\" width=\"162\" height=\"162\" \/>Mon nom est Julien Coudert, je suis fran\u00e7ais et j&rsquo;ai un peu moins de quarante ans.<br \/>\n<\/span><\/p>\n<\/div>\n<div style=\"text-align: justify;\"><span style=\"font-size: 12pt;\">Ing\u00e9nieur de formation, j&rsquo;ai commenc\u00e9 \u00e0 m&rsquo;int\u00e9resser \u00e0 l&rsquo;\u00e9conomie et \u00e0 l&rsquo;investissement d\u00e9s la fin de mes \u00e9tudes. Dipl\u00f4m\u00e9 de l\u2019\u00c9cole Centrale de Lille et d&rsquo;un DEA en math\u00e9matiques appliqu\u00e9es \u00e0 la finance je me suis par la suite <strong>sp\u00e9cialis\u00e9 en gestion d&rsquo;actif<\/strong> gr\u00e2ce \u00e0 un master sp\u00e9cialis\u00e9 \u00e0 l&rsquo;ESCP puis en passant, les ann\u00e9es suivantes, la <strong>certification CFA<\/strong> (<em>Chartered Financial Analyst<\/em>), association au sein de laquelle je suis depuis b\u00e9n\u00e9vole.<\/span><\/div>\n<div class=\"gmail_default\" style=\"text-align: justify;\"><span style=\"font-size: 12pt;\">\u00a0<\/span><\/div>\n<div class=\"gmail_default\" style=\"text-align: justify;\"><span style=\"font-size: 12pt;\">Commen\u00e7ant ma carri\u00e8re en 2005 en tant que g\u00e9rant de fonds junior chez BBR Rogier, petite soci\u00e9t\u00e9 de gestion de portefeuille,\u00a0 je suis progressivement devenu g\u00e9rant de trois fonds communs, dont deux investis en actions internationales et un en obligations. Mon <strong>approche de l&rsquo;investissement<\/strong>, d\u00e9j\u00e0 fond\u00e9e \u00e0 l&rsquo;\u00e9poque sur le recueil, l&rsquo;analyse et la <strong>confrontation scientifique<\/strong> de donn\u00e9es factuelles afin d&rsquo;<strong>expliquer une r\u00e9alit\u00e9 \u00e9conomique et humaine<\/strong>, n&rsquo;a pas chang\u00e9e, mais s&rsquo;est affin\u00e9e.<\/span><\/div>\n<div class=\"gmail_default\" style=\"text-align: justify;\"><span style=\"font-size: 12pt;\">\u00a0<\/span><\/div>\n<div class=\"gmail_default\" style=\"text-align: justify;\"><span style=\"font-size: 12pt;\">Fin 2013, apr\u00e8s 8 ann\u00e9es pass\u00e9es \u00e0 apprendre et \u00e0 investir, j&rsquo;ai d\u00e9cid\u00e9 de r\u00e9aliser une autre facette de ma personnalit\u00e9, mon <strong>\u00e9lan entrepreneurial<\/strong>, en cr\u00e9ant ma propre soci\u00e9t\u00e9 de conseil en investissement. Quittant <em>BBR Rogier<\/em> avec le soutien de mes collaborateurs et amis, j&rsquo;ai lanc\u00e9 la <em>Compagnie Saint Eusice<\/em>, dont la valeurs fondatrices \u00e9taient la transparence, la performance, la technologie, et l&rsquo;alignement complet de mes int\u00e9r\u00eats avec ceux de mes clients.<\/span><\/div>\n<div class=\"gmail_default\" style=\"text-align: justify;\"><span style=\"font-size: 12pt;\">\u00a0<\/span><\/div>\n<div class=\"gmail_default\" style=\"text-align: justify;\"><span style=\"font-size: 12pt;\">Je partage depuis mon temps entre un conseil dit \u00ab\u00a0fiduciaire\u00a0\u00bb dont la grande sp\u00e9cificit\u00e9 est de n&rsquo;\u00eatre <strong>r\u00e9mun\u00e9r\u00e9 que par mes clients<\/strong> et un <strong>investissement luttant contre les biais psychologiques, le court-termisme et le manque d&rsquo;engagement \u00e9conomique<\/strong>. Je travaille \u00e9galement en continu et personnellement au d\u00e9veloppement de mes propres outils num\u00e9riques d&rsquo;aide \u00e0 l&rsquo;investissement, afin que la technologie soit au service d&rsquo;un conseil de meilleure qualit\u00e9.<\/span><\/div>\n<div><\/div>\n<div class=\"gmail_default\" style=\"text-align: justify;\"><span style=\"font-size: 12pt;\">Mon entreprise a depuis \u00e9volu\u00e9 pour devenir <a href=\"https:\/\/alphak.eu\/\"><strong>Alpha &amp; K<\/strong><\/a>, ceci lorsque <a href=\"https:\/\/alphabetablog.com\/\"><strong>Philippe Maupas<\/strong><\/a> m&rsquo;a rejoint en tant qu&rsquo;associ\u00e9 pendant l&rsquo;\u00e9t\u00e9 2018. Cette nouvelle entreprise continue de promouvoir un conseil d\u00e9lib\u00e9r\u00e9ment ind\u00e9pendant, fond\u00e9 sur le rapport humain, et un investissement responsable \u00e9conomiquement.<\/span><\/div>\n<div class=\"gmail_default\" style=\"text-align: justify;\"><span style=\"font-size: 12pt;\">\u00a0<\/span><\/div>\n<p style=\"text-align: justify;\"><span style=\"font-size: 12pt;\"><strong>J\u200be suis par\u200b ailleurs mari\u00e9, et p\u00e8re de quatre gar\u00e7ons<\/strong>, Charles Arnaud, Xavier et Antoine,\u200b qui occupent\u200b \u00e9galement une partie (tr\u00e8s) importante de \u200bma\u200b vie.<\/span><\/p>\n<div style=\"text-align: justify;\"><span style=\"font-size: 12pt;\">\u200bJ&rsquo;essaie, avec mon \u00e9pouse Camille, de les initier \u00e0 mes passions que sont la nature, mes sports de pr\u00e9dilection, rugby et karat\u00e9, l&rsquo;humour d\u00e9cal\u00e9 et modeste m\u00eal\u00e9 d&rsquo;autod\u00e9rision, la curiosit\u00e9 scientifique et l&rsquo;ouverture au monde. <strong>Optimiste et chaleureux<\/strong>, j&rsquo;aime le contact humain et mon rire, vocal et spontan\u00e9, est reconnaissable de tous, tout comme mes coups de gueule.<\/span><\/div>\n<div>\n<div><span style=\"font-size: 12pt;\">\u00a0<\/span><\/div>\n<\/div>\n","protected":false,"raw":"<div>\r\n<div><\/div>\r\n<\/div>\r\n<div style=\"text-align: justify;\"><span style=\"font-size: 12pt;\">\u00a0<\/span><span style=\"font-size: 8pt;\"><em><img class=\"wp-image-84 alignnone\" src=\"https:\/\/kudueconomics.eu\/wp-content\/uploads\/2018\/03\/logo_flag_72dpi_en.png\" alt=\"\" width=\"20\" height=\"13\" \/>\u00a0 <\/em><\/span><a href=\"https:\/\/kudueconomics.eu\/whoami\"><em><span style=\"font-size: 8pt;\">Read this page in english<\/span><\/em><\/a><\/div>\r\n<div>\r\n\r\n&nbsp;\r\n\r\n<span style=\"font-size: 12pt;\"><img class=\" wp-image-267 alignright\" src=\"https:\/\/kudueconomics.eu\/wp-content\/uploads\/2018\/03\/PictureBW.jpg\" alt=\"\" width=\"162\" height=\"162\" \/>Mon nom est Julien Coudert, je suis fran\u00e7ais et j'ai un peu moins de quarante ans.\r\n<\/span>\r\n\r\n<\/div>\r\n<div style=\"text-align: justify;\"><span style=\"font-size: 12pt;\">Ing\u00e9nieur de formation, j'ai commenc\u00e9 \u00e0 m'int\u00e9resser \u00e0 l'\u00e9conomie et \u00e0 l'investissement d\u00e9s la fin de mes \u00e9tudes. Dipl\u00f4m\u00e9 de l\u2019\u00c9cole Centrale de Lille et d'un DEA en math\u00e9matiques appliqu\u00e9es \u00e0 la finance je me suis par la suite <strong>sp\u00e9cialis\u00e9 en gestion d'actif<\/strong> gr\u00e2ce \u00e0 un master sp\u00e9cialis\u00e9 \u00e0 l'ESCP puis en passant, les ann\u00e9es suivantes, la <strong>certification CFA<\/strong> (<em>Chartered Financial Analyst<\/em>), association au sein de laquelle je suis depuis b\u00e9n\u00e9vole.<\/span><\/div>\r\n<div class=\"gmail_default\" style=\"text-align: justify;\"><span style=\"font-size: 12pt;\">\u00a0<\/span><\/div>\r\n<div class=\"gmail_default\" style=\"text-align: justify;\"><span style=\"font-size: 12pt;\">Commen\u00e7ant ma carri\u00e8re en 2005 en tant que g\u00e9rant de fonds junior chez BBR Rogier, petite soci\u00e9t\u00e9 de gestion de portefeuille,\u00a0 je suis progressivement devenu g\u00e9rant de trois fonds communs, dont deux investis en actions internationales et un en obligations. Mon <strong>approche de l'investissement<\/strong>, d\u00e9j\u00e0 fond\u00e9e \u00e0 l'\u00e9poque sur le recueil, l'analyse et la <strong>confrontation scientifique<\/strong> de donn\u00e9es factuelles afin d'<strong>expliquer une r\u00e9alit\u00e9 \u00e9conomique et humaine<\/strong>, n'a pas chang\u00e9e, mais s'est affin\u00e9e.<\/span><\/div>\r\n<div class=\"gmail_default\" style=\"text-align: justify;\"><span style=\"font-size: 12pt;\">\u00a0<\/span><\/div>\r\n<div class=\"gmail_default\" style=\"text-align: justify;\"><span style=\"font-size: 12pt;\">Fin 2013, apr\u00e8s 8 ann\u00e9es pass\u00e9es \u00e0 apprendre et \u00e0 investir, j'ai d\u00e9cid\u00e9 de r\u00e9aliser une autre facette de ma personnalit\u00e9, mon <strong>\u00e9lan entrepreneurial<\/strong>, en cr\u00e9ant ma propre soci\u00e9t\u00e9 de conseil en investissement. Quittant <em>BBR Rogier<\/em> avec le soutien de mes collaborateurs et amis, j'ai lanc\u00e9 la <em>Compagnie Saint Eusice<\/em>, dont la valeurs fondatrices \u00e9taient la transparence, la performance, la technologie, et l'alignement complet de mes int\u00e9r\u00eats avec ceux de mes clients.<\/span><\/div>\r\n<div class=\"gmail_default\" style=\"text-align: justify;\"><span style=\"font-size: 12pt;\">\u00a0<\/span><\/div>\r\n<div class=\"gmail_default\" style=\"text-align: justify;\"><span style=\"font-size: 12pt;\">Je partage depuis mon temps entre un conseil dit \"fiduciaire\" dont la grande sp\u00e9cificit\u00e9 est de n'\u00eatre <strong>r\u00e9mun\u00e9r\u00e9 que par mes clients<\/strong> et un <strong>investissement luttant contre les biais psychologiques, le court-termisme et le manque d'engagement \u00e9conomique<\/strong>. Je travaille \u00e9galement en continu et personnellement au d\u00e9veloppement de mes propres outils num\u00e9riques d'aide \u00e0 l'investissement, afin que la technologie soit au service d'un conseil de meilleure qualit\u00e9.<\/span><\/div>\r\n<div><\/div>\r\n<div class=\"gmail_default\" style=\"text-align: justify;\"><span style=\"font-size: 12pt;\">Mon entreprise a depuis \u00e9volu\u00e9 pour devenir <a href=\"https:\/\/alphak.eu\/\"><strong>Alpha &amp; K<\/strong><\/a>, ceci lorsque <a href=\"https:\/\/alphabetablog.com\/\"><strong>Philippe Maupas<\/strong><\/a> m'a rejoint en tant qu'associ\u00e9 pendant l'\u00e9t\u00e9 2018. Cette nouvelle entreprise continue de promouvoir un conseil d\u00e9lib\u00e9r\u00e9ment ind\u00e9pendant, fond\u00e9 sur le rapport humain, et un investissement responsable \u00e9conomiquement.<\/span><\/div>\r\n<div class=\"gmail_default\" style=\"text-align: justify;\"><span style=\"font-size: 12pt;\">\u00a0<\/span><\/div>\r\n<p style=\"text-align: justify;\"><span style=\"font-size: 12pt;\"><strong>J\u200be suis par\u200b ailleurs mari\u00e9, et p\u00e8re de quatre gar\u00e7ons<\/strong>, Charles Arnaud, Xavier et Antoine,\u200b qui occupent\u200b \u00e9galement une partie (tr\u00e8s) importante de \u200bma\u200b vie.<\/span><\/p>\r\n\r\n<div style=\"text-align: justify;\"><span style=\"font-size: 12pt;\">\u200bJ'essaie, avec mon \u00e9pouse Camille, de les initier \u00e0 mes passions que sont la nature, mes sports de pr\u00e9dilection, rugby et karat\u00e9, l'humour d\u00e9cal\u00e9 et modeste m\u00eal\u00e9 d'autod\u00e9rision, la curiosit\u00e9 scientifique et l'ouverture au monde. <strong>Optimiste et chaleureux<\/strong>, j'aime le contact humain et mon rire, vocal et spontan\u00e9, est reconnaissable de tous, tout comme mes coups de gueule.<\/span><\/div>\r\n<div>\r\n<div><span style=\"font-size: 12pt;\">\u00a0<\/span><\/div>\r\n<\/div>"},"excerpt":{"rendered":"","protected":false,"raw":""},"author":1,"featured_media":0,"parent":0,"menu_order":0,"comment_status":"closed","ping_status":"open","template":"","meta":{"_monsterinsights_skip_tracking":false,"_monsterinsights_sitenote_active":false,"_monsterinsights_sitenote_note":"","_monsterinsights_sitenote_category":0,"_en_post_content":"<span style=\"font-size: 8pt;\"><em><img class=\"wp-image-83 alignnone\" src=\"https:\/\/kudueconomics.eu\/wp-content\/uploads\/2018\/03\/logo_flag_72dpi_fr.png\" alt=\"\" width=\"21\" height=\"13\" \/>\u00a0 <\/em><\/span><a href=\"https:\/\/kudueconomics.eu\/fr\/auteur\"><em><span style=\"font-size: 8pt;\">Lire cette page en fran\u00e7ais<\/span><\/em><\/a>\r\n\r\n<img class=\" wp-image-267 alignright\" src=\"https:\/\/kudueconomics.eu\/wp-content\/uploads\/2018\/03\/PictureBW.jpg\" alt=\"\" width=\"162\" height=\"162\" \/>\r\n<p style=\"text-align: justify;\"><span style=\"font-size: 12pt;\">My name is Julien Coudert, I am French, and I am in my late 30's.\r\n<\/span><\/p>\r\n<p style=\"text-align: justify;\"><span style=\"font-size: 12pt;\">After studying engineering and mathematics in college I got interested in investing and specialized in asset management. Starting as a <strong>mutual fund and portfolio manager<\/strong> for a French private wealth company I managed several equity and fixed income funds for eight years.<\/span><\/p>\r\n<p style=\"text-align: justify;\"><span style=\"font-size: 12pt;\">This is how I learned through my numerous mistakes, and forged an <strong>investment philosophy<\/strong> structured by the rigorous confrontation between scientific facts, data and the underlying economic and human reality, philosophy which is of course still evolving and improving with me.\r\n<\/span><\/p>\r\n<p style=\"text-align: justify;\"><span style=\"font-size: 12pt;\">Feeling, after eight good years, a need to create, and a support of good ideas for it, I asked to leave and received farewell to create my own investing advisory firm, <em>Compagnie Saint Eusice<\/em> in 2013. I was dedicated, and still am to be one of the first real <strong>fiduciary advisor in France.<\/strong>\r\n<\/span><\/p>\r\n<span style=\"font-size: 12pt;\">This company has now evolved into a new one, <a href=\"https:\/\/alphak.eu\/\"><strong>Alpha &amp; K<\/strong><\/a>, when <a href=\"https:\/\/alphabetablog.com\/\"><strong>Philippe Maupas<\/strong><\/a> joined me in the summer of 2018. This new company keeps on promoting a strongly independent, human based, and economically constructive financial advise.<\/span>\r\n<p style=\"text-align: justify;\"><span style=\"font-size: 12pt;\">But I am first of all <strong>married and father of four boys<\/strong>, Charles, Arnaud, Xavier and Antoine, who do take a *large* part of my life.<\/span><\/p>\r\n<p style=\"text-align: justify;\"><span style=\"font-size: 12pt;\">I try with my wife Camille to initiate them to my passions which are nature, my two favorite sports, rugby and karate, <strong>humor, scientific curiosity, honesty and an open-minded view of the world<\/strong>. Optimistic and friendly, I like human relations and my laugh, noisy and spontaneous, is easily recognizable, as is my loud voice when I disagree.<\/span><\/p>","_en_post_name":"whoami","_en_post_excerpt":"","_en_post_title":"Who am I ?","_fr_post_content":"<div>\r\n<div><\/div>\r\n<\/div>\r\n<div style=\"text-align: justify;\"><span style=\"font-size: 12pt;\">\u00a0<\/span><span style=\"font-size: 8pt;\"><em><img class=\"wp-image-84 alignnone\" src=\"https:\/\/kudueconomics.eu\/wp-content\/uploads\/2018\/03\/logo_flag_72dpi_en.png\" alt=\"\" width=\"20\" height=\"13\" \/>\u00a0 <\/em><\/span><a href=\"https:\/\/kudueconomics.eu\/whoami\"><em><span style=\"font-size: 8pt;\">Read this page in english<\/span><\/em><\/a><\/div>\r\n<div>\r\n\r\n&nbsp;\r\n\r\n<span style=\"font-size: 12pt;\"><img class=\" wp-image-267 alignright\" src=\"https:\/\/kudueconomics.eu\/wp-content\/uploads\/2018\/03\/PictureBW.jpg\" alt=\"\" width=\"162\" height=\"162\" \/>Mon nom est Julien Coudert, je suis fran\u00e7ais et j'ai un peu moins de quarante ans.\r\n<\/span>\r\n\r\n<\/div>\r\n<div style=\"text-align: justify;\"><span style=\"font-size: 12pt;\">Ing\u00e9nieur de formation, j'ai commenc\u00e9 \u00e0 m'int\u00e9resser \u00e0 l'\u00e9conomie et \u00e0 l'investissement d\u00e9s la fin de mes \u00e9tudes. Dipl\u00f4m\u00e9 de l\u2019\u00c9cole Centrale de Lille et d'un DEA en math\u00e9matiques appliqu\u00e9es \u00e0 la finance je me suis par la suite <strong>sp\u00e9cialis\u00e9 en gestion d'actif<\/strong> gr\u00e2ce \u00e0 un master sp\u00e9cialis\u00e9 \u00e0 l'ESCP puis en passant, les ann\u00e9es suivantes, la <strong>certification CFA<\/strong> (<em>Chartered Financial Analyst<\/em>), association au sein de laquelle je suis depuis b\u00e9n\u00e9vole.<\/span><\/div>\r\n<div class=\"gmail_default\" style=\"text-align: justify;\"><span style=\"font-size: 12pt;\">\u00a0<\/span><\/div>\r\n<div class=\"gmail_default\" style=\"text-align: justify;\"><span style=\"font-size: 12pt;\">Commen\u00e7ant ma carri\u00e8re en 2005 en tant que g\u00e9rant de fonds junior chez BBR Rogier, petite soci\u00e9t\u00e9 de gestion de portefeuille,\u00a0 je suis progressivement devenu g\u00e9rant de trois fonds communs, dont deux investis en actions internationales et un en obligations. Mon <strong>approche de l'investissement<\/strong>, d\u00e9j\u00e0 fond\u00e9e \u00e0 l'\u00e9poque sur le recueil, l'analyse et la <strong>confrontation scientifique<\/strong> de donn\u00e9es factuelles afin d'<strong>expliquer une r\u00e9alit\u00e9 \u00e9conomique et humaine<\/strong>, n'a pas chang\u00e9e, mais s'est affin\u00e9e.<\/span><\/div>\r\n<div class=\"gmail_default\" style=\"text-align: justify;\"><span style=\"font-size: 12pt;\">\u00a0<\/span><\/div>\r\n<div class=\"gmail_default\" style=\"text-align: justify;\"><span style=\"font-size: 12pt;\">Fin 2013, apr\u00e8s 8 ann\u00e9es pass\u00e9es \u00e0 apprendre et \u00e0 investir, j'ai d\u00e9cid\u00e9 de r\u00e9aliser une autre facette de ma personnalit\u00e9, mon <strong>\u00e9lan entrepreneurial<\/strong>, en cr\u00e9ant ma propre soci\u00e9t\u00e9 de conseil en investissement. Quittant <em>BBR Rogier<\/em> avec le soutien de mes collaborateurs et amis, j'ai lanc\u00e9 la <em>Compagnie Saint Eusice<\/em>, dont la valeurs fondatrices \u00e9taient la transparence, la performance, la technologie, et l'alignement complet de mes int\u00e9r\u00eats avec ceux de mes clients.<\/span><\/div>\r\n<div class=\"gmail_default\" style=\"text-align: justify;\"><span style=\"font-size: 12pt;\">\u00a0<\/span><\/div>\r\n<div class=\"gmail_default\" style=\"text-align: justify;\"><span style=\"font-size: 12pt;\">Je partage depuis mon temps entre un conseil dit \"fiduciaire\" dont la grande sp\u00e9cificit\u00e9 est de n'\u00eatre <strong>r\u00e9mun\u00e9r\u00e9 que par mes clients<\/strong> et un <strong>investissement luttant contre les biais psychologiques, le court-termisme et le manque d'engagement \u00e9conomique<\/strong>. Je travaille \u00e9galement en continu et personnellement au d\u00e9veloppement de mes propres outils num\u00e9riques d'aide \u00e0 l'investissement, afin que la technologie soit au service d'un conseil de meilleure qualit\u00e9.<\/span><\/div>\r\n<div><\/div>\r\n<div class=\"gmail_default\" style=\"text-align: justify;\"><span style=\"font-size: 12pt;\">Mon entreprise a depuis \u00e9volu\u00e9 pour devenir <a href=\"https:\/\/alphak.eu\/\"><strong>Alpha &amp; K<\/strong><\/a>, ceci lorsque <a href=\"https:\/\/alphabetablog.com\/\"><strong>Philippe Maupas<\/strong><\/a> m'a rejoint en tant qu'associ\u00e9 pendant l'\u00e9t\u00e9 2018. Cette nouvelle entreprise continue de promouvoir un conseil d\u00e9lib\u00e9r\u00e9ment ind\u00e9pendant, fond\u00e9 sur le rapport humain, et un investissement responsable \u00e9conomiquement.<\/span><\/div>\r\n<div class=\"gmail_default\" style=\"text-align: justify;\"><span style=\"font-size: 12pt;\">\u00a0<\/span><\/div>\r\n<p style=\"text-align: justify;\"><span style=\"font-size: 12pt;\"><strong>J\u200be suis par\u200b ailleurs mari\u00e9, et p\u00e8re de quatre gar\u00e7ons<\/strong>, Charles Arnaud, Xavier et Antoine,\u200b qui occupent\u200b \u00e9galement une partie (tr\u00e8s) importante de \u200bma\u200b vie.<\/span><\/p>\r\n\r\n<div style=\"text-align: justify;\"><span style=\"font-size: 12pt;\">\u200bJ'essaie, avec mon \u00e9pouse Camille, de les initier \u00e0 mes passions que sont la nature, mes sports de pr\u00e9dilection, rugby et karat\u00e9, l'humour d\u00e9cal\u00e9 et modeste m\u00eal\u00e9 d'autod\u00e9rision, la curiosit\u00e9 scientifique et l'ouverture au monde. <strong>Optimiste et chaleureux<\/strong>, j'aime le contact humain et mon rire, vocal et spontan\u00e9, est reconnaissable de tous, tout comme mes coups de gueule.<\/span><\/div>\r\n<div>\r\n<div><span style=\"font-size: 12pt;\">\u00a0<\/span><\/div>\r\n<\/div>","_fr_post_name":"auteur","_fr_post_excerpt":"","_fr_post_title":"L'auteur","edit_language":"fr","footnotes":""},"class_list":["post-2","page","type-page","status-publish","hentry"],"aioseo_notices":[],"_links":{"self":[{"href":"https:\/\/kudueconomics.eu\/fr\/wp-json\/wp\/v2\/pages\/2","targetHints":{"allow":["GET"]}}],"collection":[{"href":"https:\/\/kudueconomics.eu\/fr\/wp-json\/wp\/v2\/pages"}],"about":[{"href":"https:\/\/kudueconomics.eu\/fr\/wp-json\/wp\/v2\/types\/page"}],"author":[{"embeddable":true,"href":"https:\/\/kudueconomics.eu\/fr\/wp-json\/wp\/v2\/users\/1"}],"replies":[{"embeddable":true,"href":"https:\/\/kudueconomics.eu\/fr\/wp-json\/wp\/v2\/comments?post=2"}],"version-history":[{"count":40,"href":"https:\/\/kudueconomics.eu\/fr\/wp-json\/wp\/v2\/pages\/2\/revisions"}],"predecessor-version":[{"id":783,"href":"https:\/\/kudueconomics.eu\/fr\/wp-json\/wp\/v2\/pages\/2\/revisions\/783"}],"wp:attachment":[{"href":"https:\/\/kudueconomics.eu\/fr\/wp-json\/wp\/v2\/media?parent=2"}],"curies":[{"name":"wp","href":"https:\/\/api.w.org\/{rel}","templated":true}]}}