{"id":173,"date":"2018-03-12T15:38:22","date_gmt":"2018-03-12T14:38:22","guid":{"rendered":"http:\/\/kudueconomics.eu\/?page_id=173"},"modified":"2018-03-19T11:14:10","modified_gmt":"2018-03-19T10:14:10","slug":"le-blog","status":"publish","type":"page","link":"https:\/\/kudueconomics.eu\/fr\/le-blog","title":{"rendered":"Le blog","raw":"Le blog"},"content":{"rendered":"<p><span style=\"font-size: 8pt;\">\u00a0<em><img loading=\"lazy\" decoding=\"async\" class=\"wp-image-84 alignnone\" src=\"https:\/\/kudueconomics.eu\/wp-content\/uploads\/2018\/03\/logo_flag_72dpi_en.png\" alt=\"\" width=\"20\" height=\"13\" srcset=\"https:\/\/kudueconomics.eu\/wp-content\/uploads\/2018\/03\/logo_flag_72dpi_en.png 678w, https:\/\/kudueconomics.eu\/wp-content\/uploads\/2018\/03\/logo_flag_72dpi_en-300x193.png 300w\" sizes=\"auto, (max-width: 20px) 100vw, 20px\" \/>\u00a0 <\/em><\/span><a href=\"https:\/\/kudueconomics.eu\/whatdoiwriteabout\"><em><span style=\"font-size: 8pt;\">Read this page in english<\/span><\/em><\/a><\/p>\n<p>&nbsp;<\/p>\n<p><span style=\"font-size: 12pt;\"><strong>De quoi vais-je parler ?<\/strong><\/span><\/p>\n<p style=\"text-align: justify;\"><span style=\"font-size: 12pt;\">A peu pr\u00e8s de tout ce qui se rapporte \u00e0 l&rsquo;<strong>\u00e9conomie et l&rsquo;investissement,<\/strong> ceci dans un sens tr\u00e8s large. J&rsquo;\u00e9cris sur des sujets vari\u00e9s, avec n\u00e9anmoins toujours le point de vue d&rsquo;un investisseur progressiste et mod\u00e9r\u00e9. En fait, on pourrait dire que j&rsquo;\u00e9cris sur plus ou moins ce que je veux, ce qui ne serait pas compl\u00e8tement inexact.<\/span><\/p>\n<p style=\"text-align: justify;\"><strong><span style=\"font-size: 12pt;\">\u00c9conomie, politique, investissement, technologie.<\/span><\/strong><\/p>\n<p style=\"text-align: justify;\"><span style=\"font-size: 12pt;\">Je suis tr\u00e8s <strong>m\u00e9fiant face \u00e0 toute opinion pr\u00e9con\u00e7ue,<\/strong> et je suis particuli\u00e8rement m\u00e9fiant face \u00e0 mes propres opinions. Je consid\u00e8re que presque tout peut \u00eatre remis en question t\u00f4t ou tard, et suis bien <strong>conscient de mes propres biais cognitifs et sociaux<\/strong>, biais que j&rsquo;essaie de comprendre et mod\u00e9rer.<\/span><\/p>\n<p style=\"text-align: justify;\"><span style=\"font-size: 12pt;\">Je crois \u00e9galement au <strong>besoin pour l&rsquo;industrie du conseil financier et de l\u2019investissement de se renouveler<\/strong>, particuli\u00e8rement <strong>d&rsquo;un point de vue moral<\/strong>. De ce fait j&rsquo;ai une prudente tendance \u00e0 soutenir les conseillers ind\u00e9pendants, la gestion d&rsquo;actif \u00e0 cout raisonnable, les avanc\u00e9es technologiques et les r\u00e9mun\u00e9rations fond\u00e9es sur le travail. En somme je soutiens en g\u00e9n\u00e9ral tout ce qui peut am\u00e9liorer la confiance et les connaissances des investisseurs, et d\u00e9teste toute forme de mensonge ou de manipulation.<\/span><\/p>\n<p style=\"text-align: justify;\"><span style=\"font-size: 12pt;\">Je dois admettre quant tant qu&rsquo;<strong>Europ\u00e9en et Fran\u00e7ais<\/strong> j&rsquo;ai un biais g\u00e9ographique assez marqu\u00e9, que j&rsquo;essaie de combattre. Quand je traite de sujets locaux je m\u2019efforce de me traduire en anglais (bien s\u00fbr) et essaie toujours d&rsquo;\u00e9tendre mes conclusions \u00e0 des sujets plus internationaux, de mani\u00e8re \u00e0 conserver l&rsquo;int\u00e9r\u00eat de tous.<br \/>\n<\/span><\/p>\n<p style=\"text-align: justify;\"><span style=\"font-size: 12pt;\">Enfin je dois insister sur le fait que j&rsquo;\u00e9cris avec l&rsquo;espoir que mes modestes opinions et \u00e9tudes vont participer \u00e0 leur niveau au d\u00e9bat sur les sujets couverts, ceci d&rsquo;une mani\u00e8re positive et progressiste. <strong>Je ne pense pas avoir toujours raison, loin de l\u00e0<\/strong>, et vous invite donc \u00e0 commenter, r\u00e9pondre ou d\u00e9velopper sur la base de mes articles si vous pensez que cela serait utile. En particulier n&rsquo;h\u00e9sitez pas \u00e0 r\u00e9agir si vous pensez que je me trompe compl\u00e8tement, mais restez constructifs.<\/span><\/p>\n<p style=\"text-align: justify;\"><span style=\"font-size: 12pt;\">Dans l&rsquo;espoir de vous lire bient\u00f4t !<\/span><\/p>\n","protected":false,"raw":"<span style=\"font-size: 8pt;\">\u00a0<em><img class=\"wp-image-84 alignnone\" src=\"https:\/\/kudueconomics.eu\/wp-content\/uploads\/2018\/03\/logo_flag_72dpi_en.png\" alt=\"\" width=\"20\" height=\"13\" \/>\u00a0 <\/em><\/span><a href=\"https:\/\/kudueconomics.eu\/whatdoiwriteabout\"><em><span style=\"font-size: 8pt;\">Read this page in english<\/span><\/em><\/a>\r\n\r\n&nbsp;\r\n\r\n<span style=\"font-size: 12pt;\"><strong>De quoi vais-je parler ?<\/strong><\/span>\r\n<p style=\"text-align: justify;\"><span style=\"font-size: 12pt;\">A peu pr\u00e8s de tout ce qui se rapporte \u00e0 l'<strong>\u00e9conomie et l'investissement,<\/strong> ceci dans un sens tr\u00e8s large. J'\u00e9cris sur des sujets vari\u00e9s, avec n\u00e9anmoins toujours le point de vue d'un investisseur progressiste et mod\u00e9r\u00e9. En fait, on pourrait dire que j'\u00e9cris sur plus ou moins ce que je veux, ce qui ne serait pas compl\u00e8tement inexact.<\/span><\/p>\r\n<p style=\"text-align: justify;\"><strong><span style=\"font-size: 12pt;\">\u00c9conomie, politique, investissement, technologie.<\/span><\/strong><\/p>\r\n<p style=\"text-align: justify;\"><span style=\"font-size: 12pt;\">Je suis tr\u00e8s <strong>m\u00e9fiant face \u00e0 toute opinion pr\u00e9con\u00e7ue,<\/strong> et je suis particuli\u00e8rement m\u00e9fiant face \u00e0 mes propres opinions. Je consid\u00e8re que presque tout peut \u00eatre remis en question t\u00f4t ou tard, et suis bien <strong>conscient de mes propres biais cognitifs et sociaux<\/strong>, biais que j'essaie de comprendre et mod\u00e9rer.<\/span><\/p>\r\n<p style=\"text-align: justify;\"><span style=\"font-size: 12pt;\">Je crois \u00e9galement au <strong>besoin pour l'industrie du conseil financier et de l\u2019investissement de se renouveler<\/strong>, particuli\u00e8rement <strong>d'un point de vue moral<\/strong>. De ce fait j'ai une prudente tendance \u00e0 soutenir les conseillers ind\u00e9pendants, la gestion d'actif \u00e0 cout raisonnable, les avanc\u00e9es technologiques et les r\u00e9mun\u00e9rations fond\u00e9es sur le travail. En somme je soutiens en g\u00e9n\u00e9ral tout ce qui peut am\u00e9liorer la confiance et les connaissances des investisseurs, et d\u00e9teste toute forme de mensonge ou de manipulation.<\/span><\/p>\r\n<p style=\"text-align: justify;\"><span style=\"font-size: 12pt;\">Je dois admettre quant tant qu'<strong>Europ\u00e9en et Fran\u00e7ais<\/strong> j'ai un biais g\u00e9ographique assez marqu\u00e9, que j'essaie de combattre. Quand je traite de sujets locaux je m\u2019efforce de me traduire en anglais (bien s\u00fbr) et essaie toujours d'\u00e9tendre mes conclusions \u00e0 des sujets plus internationaux, de mani\u00e8re \u00e0 conserver l'int\u00e9r\u00eat de tous.\r\n<\/span><\/p>\r\n<p style=\"text-align: justify;\"><span style=\"font-size: 12pt;\">Enfin je dois insister sur le fait que j'\u00e9cris avec l'espoir que mes modestes opinions et \u00e9tudes vont participer \u00e0 leur niveau au d\u00e9bat sur les sujets couverts, ceci d'une mani\u00e8re positive et progressiste. <strong>Je ne pense pas avoir toujours raison, loin de l\u00e0<\/strong>, et vous invite donc \u00e0 commenter, r\u00e9pondre ou d\u00e9velopper sur la base de mes articles si vous pensez que cela serait utile. En particulier n'h\u00e9sitez pas \u00e0 r\u00e9agir si vous pensez que je me trompe compl\u00e8tement, mais restez constructifs.<\/span><\/p>\r\n<p style=\"text-align: justify;\"><span style=\"font-size: 12pt;\">Dans l'espoir de vous lire bient\u00f4t !<\/span><\/p>"},"excerpt":{"rendered":"","protected":false,"raw":""},"author":1,"featured_media":0,"parent":0,"menu_order":1,"comment_status":"closed","ping_status":"closed","template":"","meta":{"_monsterinsights_skip_tracking":false,"_monsterinsights_sitenote_active":false,"_monsterinsights_sitenote_note":"","_monsterinsights_sitenote_category":0,"_en_post_content":"<span style=\"font-size: 8pt;\"><em><img class=\"wp-image-83 alignnone\" src=\"https:\/\/kudueconomics.eu\/wp-content\/uploads\/2018\/03\/logo_flag_72dpi_fr.png\" alt=\"\" width=\"21\" height=\"13\" \/>\u00a0 <\/em><\/span><a href=\"https:\/\/kudueconomics.eu\/fr\/le-blog\"><em><span style=\"font-size: 8pt;\">Lire cette page en fran\u00e7ais<\/span><\/em><\/a>\r\n\r\n&nbsp;\r\n<p style=\"text-align: justify;\"><span style=\"font-size: 12pt;\"><strong>What do I write about ?<\/strong><\/span><\/p>\r\n<p style=\"text-align: justify;\"><span style=\"font-size: 12pt;\">Everything that I consider been relevant to <strong><em>Economics in a very large way<\/em><\/strong>. In fact I write about a lot of topics, with however a clear investor's point of view. One could say that I write about whatever I want, which would not be completely incorrect.<\/span><\/p>\r\n<p style=\"text-align: justify;\"><span style=\"font-size: 12pt;\"><strong>Economics of course, but also politics, investing and technology<\/strong>\r\n<\/span><\/p>\r\n<p style=\"text-align: justify;\"><span style=\"font-size: 12pt;\">I am deeply skeptical about all opinions because I am especially suspicious of my owns. I consider that pretty much anything can be challenged, and am aware of my own <strong>behavioral and social biases<\/strong> which I try to understand and fight.\r\n<\/span><\/p>\r\n<p style=\"text-align: justify;\"><span style=\"font-size: 12pt;\">I also believe strongly in the need for the financial advise and <strong>investment<\/strong><strong> industry to renew itself, especially on the moral part<\/strong>. Therefore I do have a tendency to prudently support fiduciary advisors, reasonable cost asset management, fee-only business models, technology and in fact anything that can improve the trust and knowledge investors have in the industry and their own investments. I hate and chase any kind of lie or misrepresentation.\r\n<\/span><\/p>\r\n<p style=\"text-align: justify;\"><span style=\"font-size: 12pt;\">I must confess that I am <strong>European and French citizen <\/strong>and have therefore a clear <strong>geographical bias that I try to moderate<\/strong>. When I write about more French\/European-centered topics I translate them to english (obviously) and try to extend my conclusions to more global concerns, in order to keep you all interested.\r\n<\/span><\/p>\r\n<p style=\"text-align: justify;\"><span style=\"font-size: 12pt;\">Finally I write with the hope that my modest opinions and works will participate somehow to the global debate on the topics I cover, in a positive and progressive way. <strong>I do not believe that I am always right<\/strong>, quite the opposite in fact, and invite you to comment, answer, or develop on my posts if you think it will be useful. In particular, do react if you think I am completely wrong, that is the all point of this, but keep constructive.\r\n<\/span><\/p>\r\n<p style=\"text-align: justify;\"><span style=\"font-size: 12pt;\">Hope to read you soon !<\/span><\/p>\r\n<p style=\"text-align: justify;\"><span style=\"font-size: 12pt;\">\u00a0<\/span><\/p>","_en_post_name":"whatdoiwriteabout","_en_post_excerpt":"","_en_post_title":"The blog","_fr_post_content":"<span style=\"font-size: 8pt;\">\u00a0<em><img class=\"wp-image-84 alignnone\" src=\"https:\/\/kudueconomics.eu\/wp-content\/uploads\/2018\/03\/logo_flag_72dpi_en.png\" alt=\"\" width=\"20\" height=\"13\" \/>\u00a0 <\/em><\/span><a href=\"https:\/\/kudueconomics.eu\/whatdoiwriteabout\"><em><span style=\"font-size: 8pt;\">Read this page in english<\/span><\/em><\/a>\r\n\r\n&nbsp;\r\n\r\n<span style=\"font-size: 12pt;\"><strong>De quoi vais-je parler ?<\/strong><\/span>\r\n<p style=\"text-align: justify;\"><span style=\"font-size: 12pt;\">A peu pr\u00e8s de tout ce qui se rapporte \u00e0 l'<strong>\u00e9conomie et l'investissement,<\/strong> ceci dans un sens tr\u00e8s large. J'\u00e9cris sur des sujets vari\u00e9s, avec n\u00e9anmoins toujours le point de vue d'un investisseur progressiste et mod\u00e9r\u00e9. En fait, on pourrait dire que j'\u00e9cris sur plus ou moins ce que je veux, ce qui ne serait pas compl\u00e8tement inexact.<\/span><\/p>\r\n<p style=\"text-align: justify;\"><strong><span style=\"font-size: 12pt;\">\u00c9conomie, politique, investissement, technologie.<\/span><\/strong><\/p>\r\n<p style=\"text-align: justify;\"><span style=\"font-size: 12pt;\">Je suis tr\u00e8s <strong>m\u00e9fiant face \u00e0 toute opinion pr\u00e9con\u00e7ue,<\/strong> et je suis particuli\u00e8rement m\u00e9fiant face \u00e0 mes propres opinions. Je consid\u00e8re que presque tout peut \u00eatre remis en question t\u00f4t ou tard, et suis bien <strong>conscient de mes propres biais cognitifs et sociaux<\/strong>, biais que j'essaie de comprendre et mod\u00e9rer.<\/span><\/p>\r\n<p style=\"text-align: justify;\"><span style=\"font-size: 12pt;\">Je crois \u00e9galement au <strong>besoin pour l'industrie du conseil financier et de l\u2019investissement de se renouveler<\/strong>, particuli\u00e8rement <strong>d'un point de vue moral<\/strong>. De ce fait j'ai une prudente tendance \u00e0 soutenir les conseillers ind\u00e9pendants, la gestion d'actif \u00e0 cout raisonnable, les avanc\u00e9es technologiques et les r\u00e9mun\u00e9rations fond\u00e9es sur le travail. En somme je soutiens en g\u00e9n\u00e9ral tout ce qui peut am\u00e9liorer la confiance et les connaissances des investisseurs, et d\u00e9teste toute forme de mensonge ou de manipulation.<\/span><\/p>\r\n<p style=\"text-align: justify;\"><span style=\"font-size: 12pt;\">Je dois admettre quant tant qu'<strong>Europ\u00e9en et Fran\u00e7ais<\/strong> j'ai un biais g\u00e9ographique assez marqu\u00e9, que j'essaie de combattre. Quand je traite de sujets locaux je m\u2019efforce de me traduire en anglais (bien s\u00fbr) et essaie toujours d'\u00e9tendre mes conclusions \u00e0 des sujets plus internationaux, de mani\u00e8re \u00e0 conserver l'int\u00e9r\u00eat de tous.\r\n<\/span><\/p>\r\n<p style=\"text-align: justify;\"><span style=\"font-size: 12pt;\">Enfin je dois insister sur le fait que j'\u00e9cris avec l'espoir que mes modestes opinions et \u00e9tudes vont participer \u00e0 leur niveau au d\u00e9bat sur les sujets couverts, ceci d'une mani\u00e8re positive et progressiste. <strong>Je ne pense pas avoir toujours raison, loin de l\u00e0<\/strong>, et vous invite donc \u00e0 commenter, r\u00e9pondre ou d\u00e9velopper sur la base de mes articles si vous pensez que cela serait utile. En particulier n'h\u00e9sitez pas \u00e0 r\u00e9agir si vous pensez que je me trompe compl\u00e8tement, mais restez constructifs.<\/span><\/p>\r\n<p style=\"text-align: justify;\"><span style=\"font-size: 12pt;\">Dans l'espoir de vous lire bient\u00f4t !<\/span><\/p>","_fr_post_name":"le-blog","_fr_post_excerpt":"","_fr_post_title":"Le blog","edit_language":"fr","footnotes":""},"class_list":["post-173","page","type-page","status-publish","hentry"],"aioseo_notices":[],"_links":{"self":[{"href":"https:\/\/kudueconomics.eu\/fr\/wp-json\/wp\/v2\/pages\/173","targetHints":{"allow":["GET"]}}],"collection":[{"href":"https:\/\/kudueconomics.eu\/fr\/wp-json\/wp\/v2\/pages"}],"about":[{"href":"https:\/\/kudueconomics.eu\/fr\/wp-json\/wp\/v2\/types\/page"}],"author":[{"embeddable":true,"href":"https:\/\/kudueconomics.eu\/fr\/wp-json\/wp\/v2\/users\/1"}],"replies":[{"embeddable":true,"href":"https:\/\/kudueconomics.eu\/fr\/wp-json\/wp\/v2\/comments?post=173"}],"version-history":[{"count":26,"href":"https:\/\/kudueconomics.eu\/fr\/wp-json\/wp\/v2\/pages\/173\/revisions"}],"predecessor-version":[{"id":227,"href":"https:\/\/kudueconomics.eu\/fr\/wp-json\/wp\/v2\/pages\/173\/revisions\/227"}],"wp:attachment":[{"href":"https:\/\/kudueconomics.eu\/fr\/wp-json\/wp\/v2\/media?parent=173"}],"curies":[{"name":"wp","href":"https:\/\/api.w.org\/{rel}","templated":true}]}}